{"id":21,"date":"2026-03-05T13:10:14","date_gmt":"2026-03-05T13:10:14","guid":{"rendered":"https:\/\/worldtastyrecipes.com\/?page_id=21"},"modified":"2026-03-05T13:10:15","modified_gmt":"2026-03-05T13:10:15","slug":"contact","status":"publish","type":"page","link":"https:\/\/worldtastyrecipes.com\/?page_id=21","title":{"rendered":"Contact"},"content":{"rendered":"\n<p><strong>Contactez-nous<\/strong><\/p>\n\n\n\n<p>Vous avez une question, une suggestion ou une demande de collaboration ?<\/p>\n\n\n\n<p>N\u2019h\u00e9sitez pas \u00e0 nous contacter. Nous serons ravis de vous r\u00e9pondre.<\/p>\n\n\n\n<p>Vous pouvez nous \u00e9crire \u00e0 l\u2019adresse suivante :<\/p>\n\n\n\n<p>Email : <a>contact@worldtastyrecipe.com<\/a><\/p>\n\n\n\n<p>Nous essayons de r\u00e9pondre \u00e0 toutes les demandes dans les plus brefs d\u00e9lais.<\/p>\n\n\n\n<p>Merci de votre visite sur <strong>World Tasty Recipe<\/strong>.<\/p>\n\n\n\n<hr class=\"wp-block-separator has-alpha-channel-opacity\"\/>\n\n\n\n<h1 class=\"wp-block-heading\">3. Page <strong>Politique de confidentialit\u00e9 (Privacy Policy)<\/strong><\/h1>\n\n\n\n<p><strong>Titre : Politique de confidentialit\u00e9<\/strong><\/p>\n\n\n\n<p>Chez <strong>World Tasty Recipe<\/strong>, la confidentialit\u00e9 de nos visiteurs est une priorit\u00e9.<\/p>\n\n\n\n<p>Cette politique de confidentialit\u00e9 explique quels types d\u2019informations sont collect\u00e9s et comment nous les utilisons.<\/p>\n\n\n\n<h3 class=\"wp-block-heading\">Informations collect\u00e9es<\/h3>\n\n\n\n<p>Nous pouvons collecter certaines informations lorsque vous visitez notre site :<\/p>\n\n\n\n<ul class=\"wp-block-list\">\n<li>Adresse IP<\/li>\n\n\n\n<li>Type de navigateur<\/li>\n\n\n\n<li>Pages visit\u00e9es<\/li>\n\n\n\n<li>Dur\u00e9e de visite<\/li>\n<\/ul>\n\n\n\n<p>Ces donn\u00e9es sont utilis\u00e9es uniquement pour am\u00e9liorer l\u2019exp\u00e9rience utilisateur<\/p>\n","protected":false},"excerpt":{"rendered":"<p>Contactez-nous Vous avez une question, une suggestion ou une demande de collaboration ? N\u2019h\u00e9sitez pas \u00e0 nous contacter. Nous serons ravis de vous r\u00e9pondre. Vous pouvez nous \u00e9crire \u00e0 l\u2019adresse suivante : Email : contact@worldtastyrecipe.com Nous essayons de r\u00e9pondre \u00e0 toutes les demandes dans les plus brefs d\u00e9lais. Merci de votre visite sur World Tasty [&hellip;]<\/p>\n","protected":false},"author":1,"featured_media":0,"parent":0,"menu_order":0,"comment_status":"closed","ping_status":"closed","template":"","meta":{"footnotes":""},"class_list":["post-21","page","type-page","status-publish","hentry"],"_links":{"self":[{"href":"https:\/\/worldtastyrecipes.com\/index.php?rest_route=\/wp\/v2\/pages\/21","targetHints":{"allow":["GET"]}}],"collection":[{"href":"https:\/\/worldtastyrecipes.com\/index.php?rest_route=\/wp\/v2\/pages"}],"about":[{"href":"https:\/\/worldtastyrecipes.com\/index.php?rest_route=\/wp\/v2\/types\/page"}],"author":[{"embeddable":true,"href":"https:\/\/worldtastyrecipes.com\/index.php?rest_route=\/wp\/v2\/users\/1"}],"replies":[{"embeddable":true,"href":"https:\/\/worldtastyrecipes.com\/index.php?rest_route=%2Fwp%2Fv2%2Fcomments&post=21"}],"version-history":[{"count":1,"href":"https:\/\/worldtastyrecipes.com\/index.php?rest_route=\/wp\/v2\/pages\/21\/revisions"}],"predecessor-version":[{"id":22,"href":"https:\/\/worldtastyrecipes.com\/index.php?rest_route=\/wp\/v2\/pages\/21\/revisions\/22"}],"wp:attachment":[{"href":"https:\/\/worldtastyrecipes.com\/index.php?rest_route=%2Fwp%2Fv2%2Fmedia&parent=21"}],"curies":[{"name":"wp","href":"https:\/\/api.w.org\/{rel}","templated":true}]}}