{"id":25,"date":"2026-03-05T13:12:40","date_gmt":"2026-03-05T13:12:40","guid":{"rendered":"https:\/\/worldtastyrecipes.com\/?page_id=25"},"modified":"2026-03-05T13:12:41","modified_gmt":"2026-03-05T13:12:41","slug":"conditions-dutilisation","status":"publish","type":"page","link":"https:\/\/worldtastyrecipes.com\/?page_id=25","title":{"rendered":"Conditions d\u2019utilisation"},"content":{"rendered":"\n<p>En acc\u00e9dant au site <strong>World Tasty Recipe<\/strong>, vous acceptez les pr\u00e9sentes conditions d\u2019utilisation.<\/p>\n\n\n\n<h3 class=\"wp-block-heading\">Utilisation du contenu<\/h3>\n\n\n\n<p>Tout le contenu publi\u00e9 sur ce site (textes, images, recettes) est prot\u00e9g\u00e9 par le droit d\u2019auteur.<\/p>\n\n\n\n<p>Il est interdit de :<\/p>\n\n\n\n<ul class=\"wp-block-list\">\n<li>copier le contenu<\/li>\n\n\n\n<li>reproduire les articles<\/li>\n\n\n\n<li>republier les recettes sans autorisation<\/li>\n<\/ul>\n\n\n\n<h3 class=\"wp-block-heading\">Responsabilit\u00e9<\/h3>\n\n\n\n<p>Nous faisons de notre mieux pour fournir des informations pr\u00e9cises et \u00e0 jour, mais nous ne pouvons garantir l\u2019exactitude absolue de toutes les informations.<\/p>\n\n\n\n<p>L\u2019utilisation du site se fait sous la responsabilit\u00e9 de l\u2019utilisateur.<\/p>\n\n\n\n<h3 class=\"wp-block-heading\">Modifications<\/h3>\n\n\n\n<p>Nous nous r\u00e9servons le droit de modifier ces conditions \u00e0 tout moment<\/p>\n","protected":false},"excerpt":{"rendered":"<p>En acc\u00e9dant au site World Tasty Recipe, vous acceptez les pr\u00e9sentes conditions d\u2019utilisation. Utilisation du contenu Tout le contenu publi\u00e9 sur ce site (textes, images, recettes) est prot\u00e9g\u00e9 par le droit d\u2019auteur. Il est interdit de : Responsabilit\u00e9 Nous faisons de notre mieux pour fournir des informations pr\u00e9cises et \u00e0 jour, mais nous ne pouvons [&hellip;]<\/p>\n","protected":false},"author":1,"featured_media":0,"parent":0,"menu_order":0,"comment_status":"closed","ping_status":"closed","template":"","meta":{"footnotes":""},"class_list":["post-25","page","type-page","status-publish","hentry"],"_links":{"self":[{"href":"https:\/\/worldtastyrecipes.com\/index.php?rest_route=\/wp\/v2\/pages\/25","targetHints":{"allow":["GET"]}}],"collection":[{"href":"https:\/\/worldtastyrecipes.com\/index.php?rest_route=\/wp\/v2\/pages"}],"about":[{"href":"https:\/\/worldtastyrecipes.com\/index.php?rest_route=\/wp\/v2\/types\/page"}],"author":[{"embeddable":true,"href":"https:\/\/worldtastyrecipes.com\/index.php?rest_route=\/wp\/v2\/users\/1"}],"replies":[{"embeddable":true,"href":"https:\/\/worldtastyrecipes.com\/index.php?rest_route=%2Fwp%2Fv2%2Fcomments&post=25"}],"version-history":[{"count":1,"href":"https:\/\/worldtastyrecipes.com\/index.php?rest_route=\/wp\/v2\/pages\/25\/revisions"}],"predecessor-version":[{"id":26,"href":"https:\/\/worldtastyrecipes.com\/index.php?rest_route=\/wp\/v2\/pages\/25\/revisions\/26"}],"wp:attachment":[{"href":"https:\/\/worldtastyrecipes.com\/index.php?rest_route=%2Fwp%2Fv2%2Fmedia&parent=25"}],"curies":[{"name":"wp","href":"https:\/\/api.w.org\/{rel}","templated":true}]}}