{"id":27,"date":"2026-03-05T13:13:40","date_gmt":"2026-03-05T13:13:40","guid":{"rendered":"https:\/\/worldtastyrecipes.com\/?page_id=27"},"modified":"2026-03-05T13:13:40","modified_gmt":"2026-03-05T13:13:40","slug":"responsabilite","status":"publish","type":"page","link":"https:\/\/worldtastyrecipes.com\/?page_id=27","title":{"rendered":"responsabilit\u00e9"},"content":{"rendered":"\n<p>Les informations et les recettes publi\u00e9es sur <strong>World Tasty Recipe<\/strong> sont fournies \u00e0 titre informatif uniquement.<\/p>\n\n\n\n<p>Les r\u00e9sultats peuvent varier selon les ingr\u00e9dients utilis\u00e9s, les \u00e9quipements de cuisine et les m\u00e9thodes de pr\u00e9paration.<\/p>\n\n\n\n<p>Nous ne sommes pas responsables :<\/p>\n\n\n\n<ul class=\"wp-block-list\">\n<li>des erreurs \u00e9ventuelles dans les recettes<\/li>\n\n\n\n<li>des r\u00e9sultats obtenus lors de la pr\u00e9paration<\/li>\n\n\n\n<li>des r\u00e9actions alimentaires possibles<\/li>\n<\/ul>\n\n\n\n<p>Les utilisateurs doivent toujours v\u00e9rifier les ingr\u00e9dients s\u2019ils ont des allergies alimentaires.<\/p>\n","protected":false},"excerpt":{"rendered":"<p>Les informations et les recettes publi\u00e9es sur World Tasty Recipe sont fournies \u00e0 titre informatif uniquement. Les r\u00e9sultats peuvent varier selon les ingr\u00e9dients utilis\u00e9s, les \u00e9quipements de cuisine et les m\u00e9thodes de pr\u00e9paration. Nous ne sommes pas responsables : Les utilisateurs doivent toujours v\u00e9rifier les ingr\u00e9dients s\u2019ils ont des allergies alimentaires.<\/p>\n","protected":false},"author":1,"featured_media":0,"parent":0,"menu_order":0,"comment_status":"closed","ping_status":"closed","template":"","meta":{"footnotes":""},"class_list":["post-27","page","type-page","status-publish","hentry"],"_links":{"self":[{"href":"https:\/\/worldtastyrecipes.com\/index.php?rest_route=\/wp\/v2\/pages\/27","targetHints":{"allow":["GET"]}}],"collection":[{"href":"https:\/\/worldtastyrecipes.com\/index.php?rest_route=\/wp\/v2\/pages"}],"about":[{"href":"https:\/\/worldtastyrecipes.com\/index.php?rest_route=\/wp\/v2\/types\/page"}],"author":[{"embeddable":true,"href":"https:\/\/worldtastyrecipes.com\/index.php?rest_route=\/wp\/v2\/users\/1"}],"replies":[{"embeddable":true,"href":"https:\/\/worldtastyrecipes.com\/index.php?rest_route=%2Fwp%2Fv2%2Fcomments&post=27"}],"version-history":[{"count":1,"href":"https:\/\/worldtastyrecipes.com\/index.php?rest_route=\/wp\/v2\/pages\/27\/revisions"}],"predecessor-version":[{"id":28,"href":"https:\/\/worldtastyrecipes.com\/index.php?rest_route=\/wp\/v2\/pages\/27\/revisions\/28"}],"wp:attachment":[{"href":"https:\/\/worldtastyrecipes.com\/index.php?rest_route=%2Fwp%2Fv2%2Fmedia&parent=27"}],"curies":[{"name":"wp","href":"https:\/\/api.w.org\/{rel}","templated":true}]}}